{"id":638,"date":"2020-02-18T09:52:00","date_gmt":"2020-02-18T09:52:00","guid":{"rendered":"https:\/\/contasglobais.com\/?page_id=638"},"modified":"2020-04-06T16:24:27","modified_gmt":"2020-04-06T16:24:27","slug":"contabilidade","status":"publish","type":"page","link":"https:\/\/contasglobais.com\/index.php\/contabilidade\/","title":{"rendered":"CONTABILIDADE"},"content":{"rendered":"\t\t<div data-elementor-type=\"wp-page\" data-elementor-id=\"638\" class=\"elementor elementor-638\">\n\t\t\t\t\t\t<section class=\"elementor-section elementor-top-section elementor-element elementor-element-a0a9357 elementor-section-boxed elementor-section-height-default elementor-section-height-default\" data-id=\"a0a9357\" data-element_type=\"section\" data-e-type=\"section\">\n\t\t\t\t\t\t<div class=\"elementor-container elementor-column-gap-default\">\n\t\t\t\t\t<div class=\"elementor-column elementor-col-50 elementor-top-column elementor-element elementor-element-b64aaaa\" data-id=\"b64aaaa\" data-element_type=\"column\" data-e-type=\"column\">\n\t\t\t<div class=\"elementor-widget-wrap elementor-element-populated\">\n\t\t\t\t\t\t<div class=\"elementor-element elementor-element-eb80d4e elementor-widget elementor-widget-heading\" data-id=\"eb80d4e\" data-element_type=\"widget\" data-e-type=\"widget\" data-widget_type=\"heading.default\">\n\t\t\t\t<div class=\"elementor-widget-container\">\n\t\t\t\t\t<span class=\"elementor-heading-title elementor-size-medium\">A Contabilidade \u00e9 essencial na gest\u00e3o, monitoriza\u00e7\u00e3o, orienta\u00e7\u00e3o e estrat\u00e9gia, sendo um importante acr\u00e9scimo de valor dos clientes e de qualquer neg\u00f3cio. Nesta perspetiva a Contas Globais Lda. proporciona os mais amplos servi\u00e7os nesta \u00e1rea, tais como:<\/span>\t\t\t\t<\/div>\n\t\t\t\t<\/div>\n\t\t\t\t<div class=\"elementor-element elementor-element-da20450 elementor-align-start elementor-list-item-link-full_width elementor-widget elementor-widget-icon-list\" data-id=\"da20450\" data-element_type=\"widget\" data-e-type=\"widget\" data-widget_type=\"icon-list.default\">\n\t\t\t\t<div class=\"elementor-widget-container\">\n\t\t\t\t\t\t\t<ul class=\"elementor-icon-list-items\">\n\t\t\t\t\t\t\t<li class=\"elementor-icon-list-item\">\n\t\t\t\t\t\t\t\t\t\t\t<span class=\"elementor-icon-list-icon\">\n\t\t\t\t\t\t\t<i aria-hidden=\"true\" class=\"fas fa-circle\"><\/i>\t\t\t\t\t\t<\/span>\n\t\t\t\t\t\t\t\t\t\t<span class=\"elementor-icon-list-text\">Desloca\u00e7\u00f5es de t\u00e9cnicos ao cliente, para acompanhamento e supervis\u00e3o <\/span>\n\t\t\t\t\t\t\t\t\t<\/li>\n\t\t\t\t\t\t\t\t<li class=\"elementor-icon-list-item\">\n\t\t\t\t\t\t\t\t\t\t\t<span class=\"elementor-icon-list-icon\">\n\t\t\t\t\t\t\t<i aria-hidden=\"true\" class=\"fas fa-circle\"><\/i>\t\t\t\t\t\t<\/span>\n\t\t\t\t\t\t\t\t\t\t<span class=\"elementor-icon-list-text\">Apoio \u00e0 execu\u00e7\u00e3o da contabilidade e declara\u00e7\u00f5es fiscais obrigat\u00f3rias.\u200b<\/span>\n\t\t\t\t\t\t\t\t\t<\/li>\n\t\t\t\t\t\t\t\t<li class=\"elementor-icon-list-item\">\n\t\t\t\t\t\t\t\t\t\t\t<span class=\"elementor-icon-list-icon\">\n\t\t\t\t\t\t\t<i aria-hidden=\"true\" class=\"fas fa-circle\"><\/i>\t\t\t\t\t\t<\/span>\n\t\t\t\t\t\t\t\t\t\t<span class=\"elementor-icon-list-text\">Apoio ao cliente para classifica\u00e7\u00e3o e lan\u00e7amento inform\u00e1tico dos documentos contabil\u00edsticos.<\/span>\n\t\t\t\t\t\t\t\t\t<\/li>\n\t\t\t\t\t\t\t\t<li class=\"elementor-icon-list-item\">\n\t\t\t\t\t\t\t\t\t\t\t<span class=\"elementor-icon-list-icon\">\n\t\t\t\t\t\t\t<i aria-hidden=\"true\" class=\"fas fa-circle\"><\/i>\t\t\t\t\t\t<\/span>\n\t\t\t\t\t\t\t\t\t\t<span class=\"elementor-icon-list-text\">Reporting econ\u00f3mico-financeiro.<\/span>\n\t\t\t\t\t\t\t\t\t<\/li>\n\t\t\t\t\t\t\t\t<li class=\"elementor-icon-list-item\">\n\t\t\t\t\t\t\t\t\t\t\t<span class=\"elementor-icon-list-icon\">\n\t\t\t\t\t\t\t<i aria-hidden=\"true\" class=\"fas fa-circle\"><\/i>\t\t\t\t\t\t<\/span>\n\t\t\t\t\t\t\t\t\t\t<span class=\"elementor-icon-list-text\">Consultoria e apoio fiscal.<\/span>\n\t\t\t\t\t\t\t\t\t<\/li>\n\t\t\t\t\t\t<\/ul>\n\t\t\t\t\t\t<\/div>\n\t\t\t\t<\/div>\n\t\t\t\t\t<\/div>\n\t\t<\/div>\n\t\t\t\t<div class=\"elementor-column elementor-col-50 elementor-top-column elementor-element elementor-element-bb4ac15\" data-id=\"bb4ac15\" data-element_type=\"column\" data-e-type=\"column\">\n\t\t\t<div class=\"elementor-widget-wrap elementor-element-populated\">\n\t\t\t\t\t\t<div class=\"elementor-element elementor-element-98212a4 elementor-widget elementor-widget-image\" data-id=\"98212a4\" data-element_type=\"widget\" data-e-type=\"widget\" data-widget_type=\"image.default\">\n\t\t\t\t<div class=\"elementor-widget-container\">\n\t\t\t\t\t\t\t\t\t\t\t\t\t\t\t<img fetchpriority=\"high\" decoding=\"async\" width=\"500\" height=\"333\" src=\"https:\/\/contasglobais.com\/wp-content\/uploads\/2020\/02\/cont.png\" class=\"attachment-large size-large wp-image-863\" alt=\"\" srcset=\"https:\/\/contasglobais.com\/wp-content\/uploads\/2020\/02\/cont.png 500w, https:\/\/contasglobais.com\/wp-content\/uploads\/2020\/02\/cont-300x200.png 300w, https:\/\/contasglobais.com\/wp-content\/uploads\/2020\/02\/cont-230x153.png 230w, https:\/\/contasglobais.com\/wp-content\/uploads\/2020\/02\/cont-350x233.png 350w, https:\/\/contasglobais.com\/wp-content\/uploads\/2020\/02\/cont-480x320.png 480w\" sizes=\"(max-width: 500px) 100vw, 500px\" \/>\t\t\t\t\t\t\t\t\t\t\t\t\t\t\t<\/div>\n\t\t\t\t<\/div>\n\t\t\t\t\t<\/div>\n\t\t<\/div>\n\t\t\t\t\t<\/div>\n\t\t<\/section>\n\t\t\t\t<\/div>\n\t\t","protected":false},"excerpt":{"rendered":"<p>A Contabilidade \u00e9 essencial na gest\u00e3o, monitoriza\u00e7\u00e3o, orienta\u00e7\u00e3o e estrat\u00e9gia, sendo um importante acr\u00e9scimo de valor dos clientes e de qualquer neg\u00f3cio. [&hellip;]<\/p>\n","protected":false},"author":3,"featured_media":0,"parent":0,"menu_order":0,"comment_status":"closed","ping_status":"closed","template":"page-templates\/page_fullwidth.php","meta":{"footnotes":""},"class_list":["post-638","page","type-page","status-publish","hentry"],"yoast_head":"<!-- This site is optimized with the Yoast SEO plugin v27.5 - https:\/\/yoast.com\/product\/yoast-seo-wordpress\/ -->\n<title>CONTABILIDADE - Contas Globais<\/title>\n<meta name=\"robots\" content=\"index, follow, max-snippet:-1, max-image-preview:large, max-video-preview:-1\" \/>\n<link rel=\"canonical\" href=\"https:\/\/contasglobais.com\/index.php\/contabilidade\/\" \/>\n<meta property=\"og:locale\" content=\"pt_PT\" \/>\n<meta property=\"og:type\" content=\"article\" \/>\n<meta property=\"og:title\" content=\"CONTABILIDADE - Contas Globais\" \/>\n<meta property=\"og:description\" content=\"A Contabilidade \u00e9 essencial na gest\u00e3o, monitoriza\u00e7\u00e3o, orienta\u00e7\u00e3o e estrat\u00e9gia, sendo um importante acr\u00e9scimo de valor dos clientes e de qualquer neg\u00f3cio. [&hellip;]\" \/>\n<meta property=\"og:url\" content=\"https:\/\/contasglobais.com\/index.php\/contabilidade\/\" \/>\n<meta property=\"og:site_name\" content=\"Contas Globais\" \/>\n<meta property=\"article:modified_time\" content=\"2020-04-06T16:24:27+00:00\" \/>\n<meta property=\"og:image\" content=\"https:\/\/contasglobais.com\/wp-content\/uploads\/2020\/02\/cont.png\" \/>\n<meta name=\"twitter:card\" content=\"summary_large_image\" \/>\n<script type=\"application\/ld+json\" class=\"yoast-schema-graph\">{\"@context\":\"https:\\\/\\\/schema.org\",\"@graph\":[{\"@type\":\"WebPage\",\"@id\":\"https:\\\/\\\/contasglobais.com\\\/index.php\\\/contabilidade\\\/\",\"url\":\"https:\\\/\\\/contasglobais.com\\\/index.php\\\/contabilidade\\\/\",\"name\":\"CONTABILIDADE - Contas Globais\",\"isPartOf\":{\"@id\":\"https:\\\/\\\/contasglobais.com\\\/#website\"},\"primaryImageOfPage\":{\"@id\":\"https:\\\/\\\/contasglobais.com\\\/index.php\\\/contabilidade\\\/#primaryimage\"},\"image\":{\"@id\":\"https:\\\/\\\/contasglobais.com\\\/index.php\\\/contabilidade\\\/#primaryimage\"},\"thumbnailUrl\":\"https:\\\/\\\/contasglobais.com\\\/wp-content\\\/uploads\\\/2020\\\/02\\\/cont.png\",\"datePublished\":\"2020-02-18T09:52:00+00:00\",\"dateModified\":\"2020-04-06T16:24:27+00:00\",\"breadcrumb\":{\"@id\":\"https:\\\/\\\/contasglobais.com\\\/index.php\\\/contabilidade\\\/#breadcrumb\"},\"inLanguage\":\"pt-PT\",\"potentialAction\":[{\"@type\":\"ReadAction\",\"target\":[\"https:\\\/\\\/contasglobais.com\\\/index.php\\\/contabilidade\\\/\"]}]},{\"@type\":\"ImageObject\",\"inLanguage\":\"pt-PT\",\"@id\":\"https:\\\/\\\/contasglobais.com\\\/index.php\\\/contabilidade\\\/#primaryimage\",\"url\":\"https:\\\/\\\/contasglobais.com\\\/wp-content\\\/uploads\\\/2020\\\/02\\\/cont.png\",\"contentUrl\":\"https:\\\/\\\/contasglobais.com\\\/wp-content\\\/uploads\\\/2020\\\/02\\\/cont.png\",\"width\":500,\"height\":333},{\"@type\":\"BreadcrumbList\",\"@id\":\"https:\\\/\\\/contasglobais.com\\\/index.php\\\/contabilidade\\\/#breadcrumb\",\"itemListElement\":[{\"@type\":\"ListItem\",\"position\":1,\"name\":\"In\u00edcio\",\"item\":\"https:\\\/\\\/contasglobais.com\\\/\"},{\"@type\":\"ListItem\",\"position\":2,\"name\":\"CONTABILIDADE\"}]},{\"@type\":\"WebSite\",\"@id\":\"https:\\\/\\\/contasglobais.com\\\/#website\",\"url\":\"https:\\\/\\\/contasglobais.com\\\/\",\"name\":\"Contas Globais\",\"description\":\"\",\"potentialAction\":[{\"@type\":\"SearchAction\",\"target\":{\"@type\":\"EntryPoint\",\"urlTemplate\":\"https:\\\/\\\/contasglobais.com\\\/?s={search_term_string}\"},\"query-input\":{\"@type\":\"PropertyValueSpecification\",\"valueRequired\":true,\"valueName\":\"search_term_string\"}}],\"inLanguage\":\"pt-PT\"}]}<\/script>\n<!-- \/ Yoast SEO plugin. -->","yoast_head_json":{"title":"CONTABILIDADE - Contas Globais","robots":{"index":"index","follow":"follow","max-snippet":"max-snippet:-1","max-image-preview":"max-image-preview:large","max-video-preview":"max-video-preview:-1"},"canonical":"https:\/\/contasglobais.com\/index.php\/contabilidade\/","og_locale":"pt_PT","og_type":"article","og_title":"CONTABILIDADE - Contas Globais","og_description":"A Contabilidade \u00e9 essencial na gest\u00e3o, monitoriza\u00e7\u00e3o, orienta\u00e7\u00e3o e estrat\u00e9gia, sendo um importante acr\u00e9scimo de valor dos clientes e de qualquer neg\u00f3cio. [&hellip;]","og_url":"https:\/\/contasglobais.com\/index.php\/contabilidade\/","og_site_name":"Contas Globais","article_modified_time":"2020-04-06T16:24:27+00:00","og_image":[{"url":"https:\/\/contasglobais.com\/wp-content\/uploads\/2020\/02\/cont.png","type":"","width":"","height":""}],"twitter_card":"summary_large_image","schema":{"@context":"https:\/\/schema.org","@graph":[{"@type":"WebPage","@id":"https:\/\/contasglobais.com\/index.php\/contabilidade\/","url":"https:\/\/contasglobais.com\/index.php\/contabilidade\/","name":"CONTABILIDADE - Contas Globais","isPartOf":{"@id":"https:\/\/contasglobais.com\/#website"},"primaryImageOfPage":{"@id":"https:\/\/contasglobais.com\/index.php\/contabilidade\/#primaryimage"},"image":{"@id":"https:\/\/contasglobais.com\/index.php\/contabilidade\/#primaryimage"},"thumbnailUrl":"https:\/\/contasglobais.com\/wp-content\/uploads\/2020\/02\/cont.png","datePublished":"2020-02-18T09:52:00+00:00","dateModified":"2020-04-06T16:24:27+00:00","breadcrumb":{"@id":"https:\/\/contasglobais.com\/index.php\/contabilidade\/#breadcrumb"},"inLanguage":"pt-PT","potentialAction":[{"@type":"ReadAction","target":["https:\/\/contasglobais.com\/index.php\/contabilidade\/"]}]},{"@type":"ImageObject","inLanguage":"pt-PT","@id":"https:\/\/contasglobais.com\/index.php\/contabilidade\/#primaryimage","url":"https:\/\/contasglobais.com\/wp-content\/uploads\/2020\/02\/cont.png","contentUrl":"https:\/\/contasglobais.com\/wp-content\/uploads\/2020\/02\/cont.png","width":500,"height":333},{"@type":"BreadcrumbList","@id":"https:\/\/contasglobais.com\/index.php\/contabilidade\/#breadcrumb","itemListElement":[{"@type":"ListItem","position":1,"name":"In\u00edcio","item":"https:\/\/contasglobais.com\/"},{"@type":"ListItem","position":2,"name":"CONTABILIDADE"}]},{"@type":"WebSite","@id":"https:\/\/contasglobais.com\/#website","url":"https:\/\/contasglobais.com\/","name":"Contas Globais","description":"","potentialAction":[{"@type":"SearchAction","target":{"@type":"EntryPoint","urlTemplate":"https:\/\/contasglobais.com\/?s={search_term_string}"},"query-input":{"@type":"PropertyValueSpecification","valueRequired":true,"valueName":"search_term_string"}}],"inLanguage":"pt-PT"}]}},"_links":{"self":[{"href":"https:\/\/contasglobais.com\/index.php\/wp-json\/wp\/v2\/pages\/638","targetHints":{"allow":["GET"]}}],"collection":[{"href":"https:\/\/contasglobais.com\/index.php\/wp-json\/wp\/v2\/pages"}],"about":[{"href":"https:\/\/contasglobais.com\/index.php\/wp-json\/wp\/v2\/types\/page"}],"author":[{"embeddable":true,"href":"https:\/\/contasglobais.com\/index.php\/wp-json\/wp\/v2\/users\/3"}],"replies":[{"embeddable":true,"href":"https:\/\/contasglobais.com\/index.php\/wp-json\/wp\/v2\/comments?post=638"}],"version-history":[{"count":0,"href":"https:\/\/contasglobais.com\/index.php\/wp-json\/wp\/v2\/pages\/638\/revisions"}],"wp:attachment":[{"href":"https:\/\/contasglobais.com\/index.php\/wp-json\/wp\/v2\/media?parent=638"}],"curies":[{"name":"wp","href":"https:\/\/api.w.org\/{rel}","templated":true}]}}