{"id":650,"date":"2020-02-18T10:12:20","date_gmt":"2020-02-18T10:12:20","guid":{"rendered":"https:\/\/contasglobais.com\/?page_id=650"},"modified":"2020-03-31T15:10:35","modified_gmt":"2020-03-31T15:10:35","slug":"consultadoria-de-gestao","status":"publish","type":"page","link":"https:\/\/contasglobais.com\/index.php\/consultadoria-de-gestao\/","title":{"rendered":"CONSULTORIA DE GEST\u00c3O"},"content":{"rendered":"\t\t<div data-elementor-type=\"wp-page\" data-elementor-id=\"650\" class=\"elementor elementor-650\">\n\t\t\t\t\t\t<section class=\"elementor-section elementor-top-section elementor-element elementor-element-f5f64cb elementor-section-boxed elementor-section-height-default elementor-section-height-default\" data-id=\"f5f64cb\" data-element_type=\"section\" data-e-type=\"section\">\n\t\t\t\t\t\t<div class=\"elementor-container elementor-column-gap-default\">\n\t\t\t\t\t<div class=\"elementor-column elementor-col-50 elementor-top-column elementor-element elementor-element-78774fe\" data-id=\"78774fe\" data-element_type=\"column\" data-e-type=\"column\">\n\t\t\t<div class=\"elementor-widget-wrap elementor-element-populated\">\n\t\t\t\t\t\t<div class=\"elementor-element elementor-element-f1ef83d elementor-widget elementor-widget-heading\" data-id=\"f1ef83d\" data-element_type=\"widget\" data-e-type=\"widget\" data-widget_type=\"heading.default\">\n\t\t\t\t<div class=\"elementor-widget-container\">\n\t\t\t\t\t<span class=\"elementor-heading-title elementor-size-medium\">Sendo um parceiro no neg\u00f3cio, a Contas Globais, Lda. procura apoiar a dinamiza\u00e7\u00e3o do modelo de gest\u00e3o dos seus clientes propondo eventuais ajustes de forma a alavancar o seu neg\u00f3cio em termos econ\u00f3micos e financeiros.<br><br>\nDesenvolvemos atrav\u00e9s de processos e m\u00e9todos unicos, diagn\u00f3sticos de gest\u00e3o e apoiamos na defini\u00e7\u00e3o de estrat\u00e9gias de neg\u00f3cio, otimizando e\/ou criando novos processos de or\u00e7amenta\u00e7\u00e3o, gest\u00e3o e controlo.<br><br>\nO nosso compromisso tem como chave a total garantia de qualidade, assim como disponibilidade e envolvimento, sempre motivados pelos mais elevados padr\u00f5es \u00e9ticos e de profissionalismo<\/span>\t\t\t\t<\/div>\n\t\t\t\t<\/div>\n\t\t\t\t\t<\/div>\n\t\t<\/div>\n\t\t\t\t<div class=\"elementor-column elementor-col-50 elementor-top-column elementor-element elementor-element-c723da9\" data-id=\"c723da9\" data-element_type=\"column\" data-e-type=\"column\">\n\t\t\t<div class=\"elementor-widget-wrap elementor-element-populated\">\n\t\t\t\t\t\t<div class=\"elementor-element elementor-element-83c9aac elementor-widget elementor-widget-image\" data-id=\"83c9aac\" data-element_type=\"widget\" data-e-type=\"widget\" data-widget_type=\"image.default\">\n\t\t\t\t<div class=\"elementor-widget-container\">\n\t\t\t\t\t\t\t\t\t\t\t\t\t\t\t<img fetchpriority=\"high\" decoding=\"async\" width=\"1024\" height=\"683\" src=\"https:\/\/contasglobais.com\/wp-content\/uploads\/2020\/02\/we-1024x683.jpg\" class=\"attachment-large size-large wp-image-852\" alt=\"\" srcset=\"https:\/\/contasglobais.com\/wp-content\/uploads\/2020\/02\/we-1024x683.jpg 1024w, https:\/\/contasglobais.com\/wp-content\/uploads\/2020\/02\/we-300x200.jpg 300w, https:\/\/contasglobais.com\/wp-content\/uploads\/2020\/02\/we-768x513.jpg 768w, https:\/\/contasglobais.com\/wp-content\/uploads\/2020\/02\/we-830x554.jpg 830w, https:\/\/contasglobais.com\/wp-content\/uploads\/2020\/02\/we-230x153.jpg 230w, https:\/\/contasglobais.com\/wp-content\/uploads\/2020\/02\/we-350x234.jpg 350w, https:\/\/contasglobais.com\/wp-content\/uploads\/2020\/02\/we-480x320.jpg 480w, https:\/\/contasglobais.com\/wp-content\/uploads\/2020\/02\/we.jpg 1500w\" sizes=\"(max-width: 1024px) 100vw, 1024px\" \/>\t\t\t\t\t\t\t\t\t\t\t\t\t\t\t<\/div>\n\t\t\t\t<\/div>\n\t\t\t\t\t<\/div>\n\t\t<\/div>\n\t\t\t\t\t<\/div>\n\t\t<\/section>\n\t\t\t\t<\/div>\n\t\t","protected":false},"excerpt":{"rendered":"<p>Sendo um parceiro no neg\u00f3cio, a Contas Globais, Lda. procura apoiar a dinamiza\u00e7\u00e3o do modelo de gest\u00e3o dos seus clientes propondo eventuais [&hellip;]<\/p>\n","protected":false},"author":3,"featured_media":0,"parent":0,"menu_order":0,"comment_status":"closed","ping_status":"closed","template":"page-templates\/page_fullwidth.php","meta":{"footnotes":""},"class_list":["post-650","page","type-page","status-publish","hentry"],"yoast_head":"<!-- This site is optimized with the Yoast SEO plugin v27.5 - https:\/\/yoast.com\/product\/yoast-seo-wordpress\/ -->\n<title>CONSULTORIA DE GEST\u00c3O - Contas Globais<\/title>\n<meta name=\"robots\" content=\"index, follow, max-snippet:-1, max-image-preview:large, max-video-preview:-1\" \/>\n<link rel=\"canonical\" href=\"https:\/\/contasglobais.com\/index.php\/consultadoria-de-gestao\/\" \/>\n<meta property=\"og:locale\" content=\"pt_PT\" \/>\n<meta property=\"og:type\" content=\"article\" \/>\n<meta property=\"og:title\" content=\"CONSULTORIA DE GEST\u00c3O - Contas Globais\" \/>\n<meta property=\"og:description\" content=\"Sendo um parceiro no neg\u00f3cio, a Contas Globais, Lda. procura apoiar a dinamiza\u00e7\u00e3o do modelo de gest\u00e3o dos seus clientes propondo eventuais [&hellip;]\" \/>\n<meta property=\"og:url\" content=\"https:\/\/contasglobais.com\/index.php\/consultadoria-de-gestao\/\" \/>\n<meta property=\"og:site_name\" content=\"Contas Globais\" \/>\n<meta property=\"article:modified_time\" content=\"2020-03-31T15:10:35+00:00\" \/>\n<meta property=\"og:image\" content=\"https:\/\/contasglobais.com\/wp-content\/uploads\/2020\/02\/we-1024x683.jpg\" \/>\n<meta name=\"twitter:card\" content=\"summary_large_image\" \/>\n<meta name=\"twitter:label1\" content=\"Est. reading time\" \/>\n\t<meta name=\"twitter:data1\" content=\"1 minuto\" \/>\n<script type=\"application\/ld+json\" class=\"yoast-schema-graph\">{\"@context\":\"https:\\\/\\\/schema.org\",\"@graph\":[{\"@type\":\"WebPage\",\"@id\":\"https:\\\/\\\/contasglobais.com\\\/index.php\\\/consultadoria-de-gestao\\\/\",\"url\":\"https:\\\/\\\/contasglobais.com\\\/index.php\\\/consultadoria-de-gestao\\\/\",\"name\":\"CONSULTORIA DE GEST\u00c3O - Contas Globais\",\"isPartOf\":{\"@id\":\"https:\\\/\\\/contasglobais.com\\\/#website\"},\"primaryImageOfPage\":{\"@id\":\"https:\\\/\\\/contasglobais.com\\\/index.php\\\/consultadoria-de-gestao\\\/#primaryimage\"},\"image\":{\"@id\":\"https:\\\/\\\/contasglobais.com\\\/index.php\\\/consultadoria-de-gestao\\\/#primaryimage\"},\"thumbnailUrl\":\"https:\\\/\\\/contasglobais.com\\\/wp-content\\\/uploads\\\/2020\\\/02\\\/we-1024x683.jpg\",\"datePublished\":\"2020-02-18T10:12:20+00:00\",\"dateModified\":\"2020-03-31T15:10:35+00:00\",\"breadcrumb\":{\"@id\":\"https:\\\/\\\/contasglobais.com\\\/index.php\\\/consultadoria-de-gestao\\\/#breadcrumb\"},\"inLanguage\":\"pt-PT\",\"potentialAction\":[{\"@type\":\"ReadAction\",\"target\":[\"https:\\\/\\\/contasglobais.com\\\/index.php\\\/consultadoria-de-gestao\\\/\"]}]},{\"@type\":\"ImageObject\",\"inLanguage\":\"pt-PT\",\"@id\":\"https:\\\/\\\/contasglobais.com\\\/index.php\\\/consultadoria-de-gestao\\\/#primaryimage\",\"url\":\"https:\\\/\\\/contasglobais.com\\\/wp-content\\\/uploads\\\/2020\\\/02\\\/we.jpg\",\"contentUrl\":\"https:\\\/\\\/contasglobais.com\\\/wp-content\\\/uploads\\\/2020\\\/02\\\/we.jpg\",\"width\":1500,\"height\":1001},{\"@type\":\"BreadcrumbList\",\"@id\":\"https:\\\/\\\/contasglobais.com\\\/index.php\\\/consultadoria-de-gestao\\\/#breadcrumb\",\"itemListElement\":[{\"@type\":\"ListItem\",\"position\":1,\"name\":\"In\u00edcio\",\"item\":\"https:\\\/\\\/contasglobais.com\\\/\"},{\"@type\":\"ListItem\",\"position\":2,\"name\":\"CONSULTORIA DE GEST\u00c3O\"}]},{\"@type\":\"WebSite\",\"@id\":\"https:\\\/\\\/contasglobais.com\\\/#website\",\"url\":\"https:\\\/\\\/contasglobais.com\\\/\",\"name\":\"Contas Globais\",\"description\":\"\",\"potentialAction\":[{\"@type\":\"SearchAction\",\"target\":{\"@type\":\"EntryPoint\",\"urlTemplate\":\"https:\\\/\\\/contasglobais.com\\\/?s={search_term_string}\"},\"query-input\":{\"@type\":\"PropertyValueSpecification\",\"valueRequired\":true,\"valueName\":\"search_term_string\"}}],\"inLanguage\":\"pt-PT\"}]}<\/script>\n<!-- \/ Yoast SEO plugin. -->","yoast_head_json":{"title":"CONSULTORIA DE GEST\u00c3O - Contas Globais","robots":{"index":"index","follow":"follow","max-snippet":"max-snippet:-1","max-image-preview":"max-image-preview:large","max-video-preview":"max-video-preview:-1"},"canonical":"https:\/\/contasglobais.com\/index.php\/consultadoria-de-gestao\/","og_locale":"pt_PT","og_type":"article","og_title":"CONSULTORIA DE GEST\u00c3O - Contas Globais","og_description":"Sendo um parceiro no neg\u00f3cio, a Contas Globais, Lda. procura apoiar a dinamiza\u00e7\u00e3o do modelo de gest\u00e3o dos seus clientes propondo eventuais [&hellip;]","og_url":"https:\/\/contasglobais.com\/index.php\/consultadoria-de-gestao\/","og_site_name":"Contas Globais","article_modified_time":"2020-03-31T15:10:35+00:00","og_image":[{"url":"https:\/\/contasglobais.com\/wp-content\/uploads\/2020\/02\/we-1024x683.jpg","type":"","width":"","height":""}],"twitter_card":"summary_large_image","twitter_misc":{"Est. reading time":"1 minuto"},"schema":{"@context":"https:\/\/schema.org","@graph":[{"@type":"WebPage","@id":"https:\/\/contasglobais.com\/index.php\/consultadoria-de-gestao\/","url":"https:\/\/contasglobais.com\/index.php\/consultadoria-de-gestao\/","name":"CONSULTORIA DE GEST\u00c3O - Contas Globais","isPartOf":{"@id":"https:\/\/contasglobais.com\/#website"},"primaryImageOfPage":{"@id":"https:\/\/contasglobais.com\/index.php\/consultadoria-de-gestao\/#primaryimage"},"image":{"@id":"https:\/\/contasglobais.com\/index.php\/consultadoria-de-gestao\/#primaryimage"},"thumbnailUrl":"https:\/\/contasglobais.com\/wp-content\/uploads\/2020\/02\/we-1024x683.jpg","datePublished":"2020-02-18T10:12:20+00:00","dateModified":"2020-03-31T15:10:35+00:00","breadcrumb":{"@id":"https:\/\/contasglobais.com\/index.php\/consultadoria-de-gestao\/#breadcrumb"},"inLanguage":"pt-PT","potentialAction":[{"@type":"ReadAction","target":["https:\/\/contasglobais.com\/index.php\/consultadoria-de-gestao\/"]}]},{"@type":"ImageObject","inLanguage":"pt-PT","@id":"https:\/\/contasglobais.com\/index.php\/consultadoria-de-gestao\/#primaryimage","url":"https:\/\/contasglobais.com\/wp-content\/uploads\/2020\/02\/we.jpg","contentUrl":"https:\/\/contasglobais.com\/wp-content\/uploads\/2020\/02\/we.jpg","width":1500,"height":1001},{"@type":"BreadcrumbList","@id":"https:\/\/contasglobais.com\/index.php\/consultadoria-de-gestao\/#breadcrumb","itemListElement":[{"@type":"ListItem","position":1,"name":"In\u00edcio","item":"https:\/\/contasglobais.com\/"},{"@type":"ListItem","position":2,"name":"CONSULTORIA DE GEST\u00c3O"}]},{"@type":"WebSite","@id":"https:\/\/contasglobais.com\/#website","url":"https:\/\/contasglobais.com\/","name":"Contas Globais","description":"","potentialAction":[{"@type":"SearchAction","target":{"@type":"EntryPoint","urlTemplate":"https:\/\/contasglobais.com\/?s={search_term_string}"},"query-input":{"@type":"PropertyValueSpecification","valueRequired":true,"valueName":"search_term_string"}}],"inLanguage":"pt-PT"}]}},"_links":{"self":[{"href":"https:\/\/contasglobais.com\/index.php\/wp-json\/wp\/v2\/pages\/650","targetHints":{"allow":["GET"]}}],"collection":[{"href":"https:\/\/contasglobais.com\/index.php\/wp-json\/wp\/v2\/pages"}],"about":[{"href":"https:\/\/contasglobais.com\/index.php\/wp-json\/wp\/v2\/types\/page"}],"author":[{"embeddable":true,"href":"https:\/\/contasglobais.com\/index.php\/wp-json\/wp\/v2\/users\/3"}],"replies":[{"embeddable":true,"href":"https:\/\/contasglobais.com\/index.php\/wp-json\/wp\/v2\/comments?post=650"}],"version-history":[{"count":0,"href":"https:\/\/contasglobais.com\/index.php\/wp-json\/wp\/v2\/pages\/650\/revisions"}],"wp:attachment":[{"href":"https:\/\/contasglobais.com\/index.php\/wp-json\/wp\/v2\/media?parent=650"}],"curies":[{"name":"wp","href":"https:\/\/api.w.org\/{rel}","templated":true}]}}