{"id":652,"date":"2020-02-18T10:14:30","date_gmt":"2020-02-18T10:14:30","guid":{"rendered":"https:\/\/contasglobais.com\/?page_id=652"},"modified":"2020-03-31T15:11:46","modified_gmt":"2020-03-31T15:11:46","slug":"consultadoria-fiscal","status":"publish","type":"page","link":"https:\/\/contasglobais.com\/index.php\/consultadoria-fiscal\/","title":{"rendered":"CONSULTORIA FISCAL"},"content":{"rendered":"\t\t<div data-elementor-type=\"wp-page\" data-elementor-id=\"652\" class=\"elementor elementor-652\">\n\t\t\t\t\t\t<section class=\"elementor-section elementor-top-section elementor-element elementor-element-d2c719e elementor-section-boxed elementor-section-height-default elementor-section-height-default\" data-id=\"d2c719e\" data-element_type=\"section\" data-e-type=\"section\">\n\t\t\t\t\t\t<div class=\"elementor-container elementor-column-gap-default\">\n\t\t\t\t\t<div class=\"elementor-column elementor-col-50 elementor-top-column elementor-element elementor-element-bb9df6c\" data-id=\"bb9df6c\" data-element_type=\"column\" data-e-type=\"column\">\n\t\t\t<div class=\"elementor-widget-wrap elementor-element-populated\">\n\t\t\t\t\t\t<div class=\"elementor-element elementor-element-a091a06 elementor-widget elementor-widget-heading\" data-id=\"a091a06\" data-element_type=\"widget\" data-e-type=\"widget\" data-widget_type=\"heading.default\">\n\t\t\t\t<div class=\"elementor-widget-container\">\n\t\t\t\t\t<span class=\"elementor-heading-title elementor-size-medium\">Considerando a import\u00e2ncia da fiscalidade nas organiza\u00e7\u00f5es, a Contas Globais, Lda. procura colaborar com os seus cliente para que em conjunto possa  otimizar fiscalmente os seus neg\u00f3cios no dia-a-dia, numa perspetiva de curto prazo, bem como as suas decis\u00f5es de investimento, numa vertente de longo prazo.<br>\nServi\u00e7os na \u00e1rea fiscal:<\/span>\t\t\t\t<\/div>\n\t\t\t\t<\/div>\n\t\t\t\t<div class=\"elementor-element elementor-element-cfd6b58 elementor-align-start elementor-list-item-link-full_width elementor-widget elementor-widget-icon-list\" data-id=\"cfd6b58\" data-element_type=\"widget\" data-e-type=\"widget\" data-widget_type=\"icon-list.default\">\n\t\t\t\t<div class=\"elementor-widget-container\">\n\t\t\t\t\t\t\t<ul class=\"elementor-icon-list-items\">\n\t\t\t\t\t\t\t<li class=\"elementor-icon-list-item\">\n\t\t\t\t\t\t\t\t\t\t\t<span class=\"elementor-icon-list-icon\">\n\t\t\t\t\t\t\t<i aria-hidden=\"true\" class=\"fas fa-circle\"><\/i>\t\t\t\t\t\t<\/span>\n\t\t\t\t\t\t\t\t\t\t<span class=\"elementor-icon-list-text\">Estudo, planeamento e enquadramento fiscal do cliente.<\/span>\n\t\t\t\t\t\t\t\t\t<\/li>\n\t\t\t\t\t\t\t\t<li class=\"elementor-icon-list-item\">\n\t\t\t\t\t\t\t\t\t\t\t<span class=\"elementor-icon-list-icon\">\n\t\t\t\t\t\t\t<i aria-hidden=\"true\" class=\"fas fa-circle\"><\/i>\t\t\t\t\t\t<\/span>\n\t\t\t\t\t\t\t\t\t\t<span class=\"elementor-icon-list-text\">Cumprimento de todas as obriga\u00e7\u00f5es fiscais.<\/span>\n\t\t\t\t\t\t\t\t\t<\/li>\n\t\t\t\t\t\t\t\t<li class=\"elementor-icon-list-item\">\n\t\t\t\t\t\t\t\t\t\t\t<span class=\"elementor-icon-list-icon\">\n\t\t\t\t\t\t\t<i aria-hidden=\"true\" class=\"fas fa-circle\"><\/i>\t\t\t\t\t\t<\/span>\n\t\t\t\t\t\t\t\t\t\t<span class=\"elementor-icon-list-text\">Consultoria e assessoria fiscal.<\/span>\n\t\t\t\t\t\t\t\t\t<\/li>\n\t\t\t\t\t\t\t\t<li class=\"elementor-icon-list-item\">\n\t\t\t\t\t\t\t\t\t\t\t<span class=\"elementor-icon-list-icon\">\n\t\t\t\t\t\t\t<i aria-hidden=\"true\" class=\"fas fa-circle\"><\/i>\t\t\t\t\t\t<\/span>\n\t\t\t\t\t\t\t\t\t\t<span class=\"elementor-icon-list-text\">Fiscalidade internacional.<\/span>\n\t\t\t\t\t\t\t\t\t<\/li>\n\t\t\t\t\t\t\t\t<li class=\"elementor-icon-list-item\">\n\t\t\t\t\t\t\t\t\t\t\t<span class=\"elementor-icon-list-icon\">\n\t\t\t\t\t\t\t<i aria-hidden=\"true\" class=\"fas fa-circle\"><\/i>\t\t\t\t\t\t<\/span>\n\t\t\t\t\t\t\t\t\t\t<span class=\"elementor-icon-list-text\">Apoio de Contencioso.<\/span>\n\t\t\t\t\t\t\t\t\t<\/li>\n\t\t\t\t\t\t<\/ul>\n\t\t\t\t\t\t<\/div>\n\t\t\t\t<\/div>\n\t\t\t\t\t<\/div>\n\t\t<\/div>\n\t\t\t\t<div class=\"elementor-column elementor-col-50 elementor-top-column elementor-element elementor-element-003e9cd\" data-id=\"003e9cd\" data-element_type=\"column\" data-e-type=\"column\">\n\t\t\t<div class=\"elementor-widget-wrap elementor-element-populated\">\n\t\t\t\t\t\t<div class=\"elementor-element elementor-element-843777e elementor-widget elementor-widget-image\" data-id=\"843777e\" data-element_type=\"widget\" data-e-type=\"widget\" data-widget_type=\"image.default\">\n\t\t\t\t<div class=\"elementor-widget-container\">\n\t\t\t\t\t\t\t\t\t\t\t\t\t\t\t<img fetchpriority=\"high\" decoding=\"async\" width=\"1024\" height=\"683\" src=\"https:\/\/contasglobais.com\/wp-content\/uploads\/2020\/02\/ConsultadoriaFiscal_ContasGlobais-1024x683.jpg\" class=\"attachment-large size-large wp-image-874\" alt=\"\" srcset=\"https:\/\/contasglobais.com\/wp-content\/uploads\/2020\/02\/ConsultadoriaFiscal_ContasGlobais-1024x683.jpg 1024w, https:\/\/contasglobais.com\/wp-content\/uploads\/2020\/02\/ConsultadoriaFiscal_ContasGlobais-300x200.jpg 300w, https:\/\/contasglobais.com\/wp-content\/uploads\/2020\/02\/ConsultadoriaFiscal_ContasGlobais-768x512.jpg 768w, https:\/\/contasglobais.com\/wp-content\/uploads\/2020\/02\/ConsultadoriaFiscal_ContasGlobais-1536x1024.jpg 1536w, https:\/\/contasglobais.com\/wp-content\/uploads\/2020\/02\/ConsultadoriaFiscal_ContasGlobais-830x553.jpg 830w, https:\/\/contasglobais.com\/wp-content\/uploads\/2020\/02\/ConsultadoriaFiscal_ContasGlobais-230x153.jpg 230w, https:\/\/contasglobais.com\/wp-content\/uploads\/2020\/02\/ConsultadoriaFiscal_ContasGlobais-350x233.jpg 350w, https:\/\/contasglobais.com\/wp-content\/uploads\/2020\/02\/ConsultadoriaFiscal_ContasGlobais-480x320.jpg 480w, https:\/\/contasglobais.com\/wp-content\/uploads\/2020\/02\/ConsultadoriaFiscal_ContasGlobais.jpg 1732w\" sizes=\"(max-width: 1024px) 100vw, 1024px\" \/>\t\t\t\t\t\t\t\t\t\t\t\t\t\t\t<\/div>\n\t\t\t\t<\/div>\n\t\t\t\t\t<\/div>\n\t\t<\/div>\n\t\t\t\t\t<\/div>\n\t\t<\/section>\n\t\t\t\t<\/div>\n\t\t","protected":false},"excerpt":{"rendered":"<p>Considerando a import\u00e2ncia da fiscalidade nas organiza\u00e7\u00f5es, a Contas Globais, Lda. procura colaborar com os seus cliente para que em conjunto possa [&hellip;]<\/p>\n","protected":false},"author":3,"featured_media":0,"parent":0,"menu_order":0,"comment_status":"closed","ping_status":"closed","template":"page-templates\/page_fullwidth.php","meta":{"footnotes":""},"class_list":["post-652","page","type-page","status-publish","hentry"],"yoast_head":"<!-- This site is optimized with the Yoast SEO plugin v27.6 - https:\/\/yoast.com\/product\/yoast-seo-wordpress\/ -->\n<title>CONSULTORIA FISCAL - Contas Globais<\/title>\n<meta name=\"robots\" content=\"index, follow, max-snippet:-1, max-image-preview:large, max-video-preview:-1\" \/>\n<link rel=\"canonical\" href=\"https:\/\/contasglobais.com\/index.php\/consultadoria-fiscal\/\" \/>\n<meta property=\"og:locale\" content=\"pt_PT\" \/>\n<meta property=\"og:type\" content=\"article\" \/>\n<meta property=\"og:title\" content=\"CONSULTORIA FISCAL - Contas Globais\" \/>\n<meta property=\"og:description\" content=\"Considerando a import\u00e2ncia da fiscalidade nas organiza\u00e7\u00f5es, a Contas Globais, Lda. procura colaborar com os seus cliente para que em conjunto possa [&hellip;]\" \/>\n<meta property=\"og:url\" content=\"https:\/\/contasglobais.com\/index.php\/consultadoria-fiscal\/\" \/>\n<meta property=\"og:site_name\" content=\"Contas Globais\" \/>\n<meta property=\"article:modified_time\" content=\"2020-03-31T15:11:46+00:00\" \/>\n<meta property=\"og:image\" content=\"https:\/\/contasglobais.com\/wp-content\/uploads\/2020\/02\/ConsultadoriaFiscal_ContasGlobais-1024x683.jpg\" \/>\n<meta name=\"twitter:card\" content=\"summary_large_image\" \/>\n<script type=\"application\/ld+json\" class=\"yoast-schema-graph\">{\"@context\":\"https:\\\/\\\/schema.org\",\"@graph\":[{\"@type\":\"WebPage\",\"@id\":\"https:\\\/\\\/contasglobais.com\\\/index.php\\\/consultadoria-fiscal\\\/\",\"url\":\"https:\\\/\\\/contasglobais.com\\\/index.php\\\/consultadoria-fiscal\\\/\",\"name\":\"CONSULTORIA FISCAL - Contas Globais\",\"isPartOf\":{\"@id\":\"https:\\\/\\\/contasglobais.com\\\/#website\"},\"primaryImageOfPage\":{\"@id\":\"https:\\\/\\\/contasglobais.com\\\/index.php\\\/consultadoria-fiscal\\\/#primaryimage\"},\"image\":{\"@id\":\"https:\\\/\\\/contasglobais.com\\\/index.php\\\/consultadoria-fiscal\\\/#primaryimage\"},\"thumbnailUrl\":\"https:\\\/\\\/contasglobais.com\\\/wp-content\\\/uploads\\\/2020\\\/02\\\/ConsultadoriaFiscal_ContasGlobais-1024x683.jpg\",\"datePublished\":\"2020-02-18T10:14:30+00:00\",\"dateModified\":\"2020-03-31T15:11:46+00:00\",\"breadcrumb\":{\"@id\":\"https:\\\/\\\/contasglobais.com\\\/index.php\\\/consultadoria-fiscal\\\/#breadcrumb\"},\"inLanguage\":\"pt-PT\",\"potentialAction\":[{\"@type\":\"ReadAction\",\"target\":[\"https:\\\/\\\/contasglobais.com\\\/index.php\\\/consultadoria-fiscal\\\/\"]}]},{\"@type\":\"ImageObject\",\"inLanguage\":\"pt-PT\",\"@id\":\"https:\\\/\\\/contasglobais.com\\\/index.php\\\/consultadoria-fiscal\\\/#primaryimage\",\"url\":\"https:\\\/\\\/contasglobais.com\\\/wp-content\\\/uploads\\\/2020\\\/02\\\/ConsultadoriaFiscal_ContasGlobais.jpg\",\"contentUrl\":\"https:\\\/\\\/contasglobais.com\\\/wp-content\\\/uploads\\\/2020\\\/02\\\/ConsultadoriaFiscal_ContasGlobais.jpg\",\"width\":1732,\"height\":1155,\"caption\":\"Photo of human hands holding pencil and marking numbers in documents\"},{\"@type\":\"BreadcrumbList\",\"@id\":\"https:\\\/\\\/contasglobais.com\\\/index.php\\\/consultadoria-fiscal\\\/#breadcrumb\",\"itemListElement\":[{\"@type\":\"ListItem\",\"position\":1,\"name\":\"In\u00edcio\",\"item\":\"https:\\\/\\\/contasglobais.com\\\/\"},{\"@type\":\"ListItem\",\"position\":2,\"name\":\"CONSULTORIA FISCAL\"}]},{\"@type\":\"WebSite\",\"@id\":\"https:\\\/\\\/contasglobais.com\\\/#website\",\"url\":\"https:\\\/\\\/contasglobais.com\\\/\",\"name\":\"Contas Globais\",\"description\":\"\",\"potentialAction\":[{\"@type\":\"SearchAction\",\"target\":{\"@type\":\"EntryPoint\",\"urlTemplate\":\"https:\\\/\\\/contasglobais.com\\\/?s={search_term_string}\"},\"query-input\":{\"@type\":\"PropertyValueSpecification\",\"valueRequired\":true,\"valueName\":\"search_term_string\"}}],\"inLanguage\":\"pt-PT\"}]}<\/script>\n<!-- \/ Yoast SEO plugin. -->","yoast_head_json":{"title":"CONSULTORIA FISCAL - Contas Globais","robots":{"index":"index","follow":"follow","max-snippet":"max-snippet:-1","max-image-preview":"max-image-preview:large","max-video-preview":"max-video-preview:-1"},"canonical":"https:\/\/contasglobais.com\/index.php\/consultadoria-fiscal\/","og_locale":"pt_PT","og_type":"article","og_title":"CONSULTORIA FISCAL - Contas Globais","og_description":"Considerando a import\u00e2ncia da fiscalidade nas organiza\u00e7\u00f5es, a Contas Globais, Lda. procura colaborar com os seus cliente para que em conjunto possa [&hellip;]","og_url":"https:\/\/contasglobais.com\/index.php\/consultadoria-fiscal\/","og_site_name":"Contas Globais","article_modified_time":"2020-03-31T15:11:46+00:00","og_image":[{"url":"https:\/\/contasglobais.com\/wp-content\/uploads\/2020\/02\/ConsultadoriaFiscal_ContasGlobais-1024x683.jpg","type":"","width":"","height":""}],"twitter_card":"summary_large_image","schema":{"@context":"https:\/\/schema.org","@graph":[{"@type":"WebPage","@id":"https:\/\/contasglobais.com\/index.php\/consultadoria-fiscal\/","url":"https:\/\/contasglobais.com\/index.php\/consultadoria-fiscal\/","name":"CONSULTORIA FISCAL - Contas Globais","isPartOf":{"@id":"https:\/\/contasglobais.com\/#website"},"primaryImageOfPage":{"@id":"https:\/\/contasglobais.com\/index.php\/consultadoria-fiscal\/#primaryimage"},"image":{"@id":"https:\/\/contasglobais.com\/index.php\/consultadoria-fiscal\/#primaryimage"},"thumbnailUrl":"https:\/\/contasglobais.com\/wp-content\/uploads\/2020\/02\/ConsultadoriaFiscal_ContasGlobais-1024x683.jpg","datePublished":"2020-02-18T10:14:30+00:00","dateModified":"2020-03-31T15:11:46+00:00","breadcrumb":{"@id":"https:\/\/contasglobais.com\/index.php\/consultadoria-fiscal\/#breadcrumb"},"inLanguage":"pt-PT","potentialAction":[{"@type":"ReadAction","target":["https:\/\/contasglobais.com\/index.php\/consultadoria-fiscal\/"]}]},{"@type":"ImageObject","inLanguage":"pt-PT","@id":"https:\/\/contasglobais.com\/index.php\/consultadoria-fiscal\/#primaryimage","url":"https:\/\/contasglobais.com\/wp-content\/uploads\/2020\/02\/ConsultadoriaFiscal_ContasGlobais.jpg","contentUrl":"https:\/\/contasglobais.com\/wp-content\/uploads\/2020\/02\/ConsultadoriaFiscal_ContasGlobais.jpg","width":1732,"height":1155,"caption":"Photo of human hands holding pencil and marking numbers in documents"},{"@type":"BreadcrumbList","@id":"https:\/\/contasglobais.com\/index.php\/consultadoria-fiscal\/#breadcrumb","itemListElement":[{"@type":"ListItem","position":1,"name":"In\u00edcio","item":"https:\/\/contasglobais.com\/"},{"@type":"ListItem","position":2,"name":"CONSULTORIA FISCAL"}]},{"@type":"WebSite","@id":"https:\/\/contasglobais.com\/#website","url":"https:\/\/contasglobais.com\/","name":"Contas Globais","description":"","potentialAction":[{"@type":"SearchAction","target":{"@type":"EntryPoint","urlTemplate":"https:\/\/contasglobais.com\/?s={search_term_string}"},"query-input":{"@type":"PropertyValueSpecification","valueRequired":true,"valueName":"search_term_string"}}],"inLanguage":"pt-PT"}]}},"_links":{"self":[{"href":"https:\/\/contasglobais.com\/index.php\/wp-json\/wp\/v2\/pages\/652","targetHints":{"allow":["GET"]}}],"collection":[{"href":"https:\/\/contasglobais.com\/index.php\/wp-json\/wp\/v2\/pages"}],"about":[{"href":"https:\/\/contasglobais.com\/index.php\/wp-json\/wp\/v2\/types\/page"}],"author":[{"embeddable":true,"href":"https:\/\/contasglobais.com\/index.php\/wp-json\/wp\/v2\/users\/3"}],"replies":[{"embeddable":true,"href":"https:\/\/contasglobais.com\/index.php\/wp-json\/wp\/v2\/comments?post=652"}],"version-history":[{"count":0,"href":"https:\/\/contasglobais.com\/index.php\/wp-json\/wp\/v2\/pages\/652\/revisions"}],"wp:attachment":[{"href":"https:\/\/contasglobais.com\/index.php\/wp-json\/wp\/v2\/media?parent=652"}],"curies":[{"name":"wp","href":"https:\/\/api.w.org\/{rel}","templated":true}]}}