{"id":657,"date":"2020-02-18T10:18:47","date_gmt":"2020-02-18T10:18:47","guid":{"rendered":"https:\/\/contasglobais.com\/?page_id=657"},"modified":"2020-03-30T16:07:45","modified_gmt":"2020-03-30T16:07:45","slug":"formacao","status":"publish","type":"page","link":"https:\/\/contasglobais.com\/index.php\/formacao\/","title":{"rendered":"FORMA\u00c7\u00c3O"},"content":{"rendered":"\t\t<div data-elementor-type=\"wp-page\" data-elementor-id=\"657\" class=\"elementor elementor-657\">\n\t\t\t\t\t\t<section class=\"elementor-section elementor-top-section elementor-element elementor-element-ebe30e0 elementor-section-boxed elementor-section-height-default elementor-section-height-default\" data-id=\"ebe30e0\" data-element_type=\"section\" data-e-type=\"section\">\n\t\t\t\t\t\t<div class=\"elementor-container elementor-column-gap-default\">\n\t\t\t\t\t<div class=\"elementor-column elementor-col-100 elementor-top-column elementor-element elementor-element-602cc19\" data-id=\"602cc19\" data-element_type=\"column\" data-e-type=\"column\">\n\t\t\t<div class=\"elementor-widget-wrap\">\n\t\t\t\t\t\t\t<\/div>\n\t\t<\/div>\n\t\t\t\t\t<\/div>\n\t\t<\/section>\n\t\t\t\t<section class=\"elementor-section elementor-top-section elementor-element elementor-element-05ab6e8 elementor-section-boxed elementor-section-height-default elementor-section-height-default\" data-id=\"05ab6e8\" data-element_type=\"section\" data-e-type=\"section\">\n\t\t\t\t\t\t<div class=\"elementor-container elementor-column-gap-default\">\n\t\t\t\t\t<div class=\"elementor-column elementor-col-50 elementor-top-column elementor-element elementor-element-0917568\" data-id=\"0917568\" data-element_type=\"column\" data-e-type=\"column\">\n\t\t\t<div class=\"elementor-widget-wrap elementor-element-populated\">\n\t\t\t\t\t\t<div class=\"elementor-element elementor-element-eaeee4c elementor-widget elementor-widget-heading\" data-id=\"eaeee4c\" data-element_type=\"widget\" data-e-type=\"widget\" data-widget_type=\"heading.default\">\n\t\t\t\t<div class=\"elementor-widget-container\">\n\t\t\t\t\t<span class=\"elementor-heading-title elementor-size-medium\">Sendo a forma\u00e7\u00e3o de recursos humanos um fator chave de sucesso, a Contas Globais Lda. dinamiza e promove cursos de forma\u00e7\u00e3o adaptados e ajustados \u00e0 medida das necessidades das organiza\u00e7\u00f5es, relacionados com as seguintes \u00e1reas:<\/span>\t\t\t\t<\/div>\n\t\t\t\t<\/div>\n\t\t\t\t<div class=\"elementor-element elementor-element-f1548e5 elementor-align-start elementor-list-item-link-full_width elementor-widget elementor-widget-icon-list\" data-id=\"f1548e5\" data-element_type=\"widget\" data-e-type=\"widget\" data-widget_type=\"icon-list.default\">\n\t\t\t\t<div class=\"elementor-widget-container\">\n\t\t\t\t\t\t\t<ul class=\"elementor-icon-list-items\">\n\t\t\t\t\t\t\t<li class=\"elementor-icon-list-item\">\n\t\t\t\t\t\t\t\t\t\t\t<span class=\"elementor-icon-list-icon\">\n\t\t\t\t\t\t\t<i aria-hidden=\"true\" class=\"fas fa-circle\"><\/i>\t\t\t\t\t\t<\/span>\n\t\t\t\t\t\t\t\t\t\t<span class=\"elementor-icon-list-text\">Contabilidade.<\/span>\n\t\t\t\t\t\t\t\t\t<\/li>\n\t\t\t\t\t\t\t\t<li class=\"elementor-icon-list-item\">\n\t\t\t\t\t\t\t\t\t\t\t<span class=\"elementor-icon-list-icon\">\n\t\t\t\t\t\t\t<i aria-hidden=\"true\" class=\"fas fa-circle\"><\/i>\t\t\t\t\t\t<\/span>\n\t\t\t\t\t\t\t\t\t\t<span class=\"elementor-icon-list-text\">Fiscalidade.<\/span>\n\t\t\t\t\t\t\t\t\t<\/li>\n\t\t\t\t\t\t\t\t<li class=\"elementor-icon-list-item\">\n\t\t\t\t\t\t\t\t\t\t\t<span class=\"elementor-icon-list-icon\">\n\t\t\t\t\t\t\t<i aria-hidden=\"true\" class=\"fas fa-circle\"><\/i>\t\t\t\t\t\t<\/span>\n\t\t\t\t\t\t\t\t\t\t<span class=\"elementor-icon-list-text\">Gest\u00e3o de micro-neg\u00f3cios.<\/span>\n\t\t\t\t\t\t\t\t\t<\/li>\n\t\t\t\t\t\t\t\t<li class=\"elementor-icon-list-item\">\n\t\t\t\t\t\t\t\t\t\t\t<span class=\"elementor-icon-list-icon\">\n\t\t\t\t\t\t\t<i aria-hidden=\"true\" class=\"fas fa-circle\"><\/i>\t\t\t\t\t\t<\/span>\n\t\t\t\t\t\t\t\t\t\t<span class=\"elementor-icon-list-text\">Revitaliza\u00e7\u00e3o de empresas.<\/span>\n\t\t\t\t\t\t\t\t\t<\/li>\n\t\t\t\t\t\t<\/ul>\n\t\t\t\t\t\t<\/div>\n\t\t\t\t<\/div>\n\t\t\t\t\t<\/div>\n\t\t<\/div>\n\t\t\t\t<div class=\"elementor-column elementor-col-50 elementor-top-column elementor-element elementor-element-0b559e0\" data-id=\"0b559e0\" data-element_type=\"column\" data-e-type=\"column\">\n\t\t\t<div class=\"elementor-widget-wrap elementor-element-populated\">\n\t\t\t\t\t\t<div class=\"elementor-element elementor-element-1a89aa4 elementor-widget elementor-widget-image\" data-id=\"1a89aa4\" data-element_type=\"widget\" data-e-type=\"widget\" data-widget_type=\"image.default\">\n\t\t\t\t<div class=\"elementor-widget-container\">\n\t\t\t\t\t\t\t\t\t\t\t\t\t\t\t<img fetchpriority=\"high\" decoding=\"async\" width=\"1024\" height=\"683\" src=\"https:\/\/contasglobais.com\/wp-content\/uploads\/2020\/02\/Formao_ContasGlobais-1024x683.jpg\" class=\"attachment-large size-large wp-image-878\" alt=\"\" srcset=\"https:\/\/contasglobais.com\/wp-content\/uploads\/2020\/02\/Formao_ContasGlobais-1024x683.jpg 1024w, https:\/\/contasglobais.com\/wp-content\/uploads\/2020\/02\/Formao_ContasGlobais-300x200.jpg 300w, https:\/\/contasglobais.com\/wp-content\/uploads\/2020\/02\/Formao_ContasGlobais-768x512.jpg 768w, https:\/\/contasglobais.com\/wp-content\/uploads\/2020\/02\/Formao_ContasGlobais-830x553.jpg 830w, https:\/\/contasglobais.com\/wp-content\/uploads\/2020\/02\/Formao_ContasGlobais-230x153.jpg 230w, https:\/\/contasglobais.com\/wp-content\/uploads\/2020\/02\/Formao_ContasGlobais-350x233.jpg 350w, https:\/\/contasglobais.com\/wp-content\/uploads\/2020\/02\/Formao_ContasGlobais-480x320.jpg 480w, https:\/\/contasglobais.com\/wp-content\/uploads\/2020\/02\/Formao_ContasGlobais.jpg 1500w\" sizes=\"(max-width: 1024px) 100vw, 1024px\" \/>\t\t\t\t\t\t\t\t\t\t\t\t\t\t\t<\/div>\n\t\t\t\t<\/div>\n\t\t\t\t\t<\/div>\n\t\t<\/div>\n\t\t\t\t\t<\/div>\n\t\t<\/section>\n\t\t\t\t<\/div>\n\t\t","protected":false},"excerpt":{"rendered":"<p>Sendo a forma\u00e7\u00e3o de recursos humanos um fator chave de sucesso, a Contas Globais Lda. dinamiza e promove cursos de forma\u00e7\u00e3o adaptados [&hellip;]<\/p>\n","protected":false},"author":3,"featured_media":0,"parent":0,"menu_order":0,"comment_status":"closed","ping_status":"closed","template":"page-templates\/page_fullwidth.php","meta":{"footnotes":""},"class_list":["post-657","page","type-page","status-publish","hentry"],"yoast_head":"<!-- This site is optimized with the Yoast SEO plugin v27.5 - https:\/\/yoast.com\/product\/yoast-seo-wordpress\/ -->\n<title>FORMA\u00c7\u00c3O - Contas Globais<\/title>\n<meta name=\"robots\" content=\"index, follow, max-snippet:-1, max-image-preview:large, max-video-preview:-1\" \/>\n<link rel=\"canonical\" href=\"https:\/\/contasglobais.com\/index.php\/formacao\/\" \/>\n<meta property=\"og:locale\" content=\"pt_PT\" \/>\n<meta property=\"og:type\" content=\"article\" \/>\n<meta property=\"og:title\" content=\"FORMA\u00c7\u00c3O - Contas Globais\" \/>\n<meta property=\"og:description\" content=\"Sendo a forma\u00e7\u00e3o de recursos humanos um fator chave de sucesso, a Contas Globais Lda. dinamiza e promove cursos de forma\u00e7\u00e3o adaptados [&hellip;]\" \/>\n<meta property=\"og:url\" content=\"https:\/\/contasglobais.com\/index.php\/formacao\/\" \/>\n<meta property=\"og:site_name\" content=\"Contas Globais\" \/>\n<meta property=\"article:modified_time\" content=\"2020-03-30T16:07:45+00:00\" \/>\n<meta property=\"og:image\" content=\"https:\/\/contasglobais.com\/wp-content\/uploads\/2020\/02\/Formao_ContasGlobais-1024x683.jpg\" \/>\n<meta name=\"twitter:card\" content=\"summary_large_image\" \/>\n<script type=\"application\/ld+json\" class=\"yoast-schema-graph\">{\"@context\":\"https:\\\/\\\/schema.org\",\"@graph\":[{\"@type\":\"WebPage\",\"@id\":\"https:\\\/\\\/contasglobais.com\\\/index.php\\\/formacao\\\/\",\"url\":\"https:\\\/\\\/contasglobais.com\\\/index.php\\\/formacao\\\/\",\"name\":\"FORMA\u00c7\u00c3O - Contas Globais\",\"isPartOf\":{\"@id\":\"https:\\\/\\\/contasglobais.com\\\/#website\"},\"primaryImageOfPage\":{\"@id\":\"https:\\\/\\\/contasglobais.com\\\/index.php\\\/formacao\\\/#primaryimage\"},\"image\":{\"@id\":\"https:\\\/\\\/contasglobais.com\\\/index.php\\\/formacao\\\/#primaryimage\"},\"thumbnailUrl\":\"https:\\\/\\\/contasglobais.com\\\/wp-content\\\/uploads\\\/2020\\\/02\\\/Formao_ContasGlobais-1024x683.jpg\",\"datePublished\":\"2020-02-18T10:18:47+00:00\",\"dateModified\":\"2020-03-30T16:07:45+00:00\",\"breadcrumb\":{\"@id\":\"https:\\\/\\\/contasglobais.com\\\/index.php\\\/formacao\\\/#breadcrumb\"},\"inLanguage\":\"pt-PT\",\"potentialAction\":[{\"@type\":\"ReadAction\",\"target\":[\"https:\\\/\\\/contasglobais.com\\\/index.php\\\/formacao\\\/\"]}]},{\"@type\":\"ImageObject\",\"inLanguage\":\"pt-PT\",\"@id\":\"https:\\\/\\\/contasglobais.com\\\/index.php\\\/formacao\\\/#primaryimage\",\"url\":\"https:\\\/\\\/contasglobais.com\\\/wp-content\\\/uploads\\\/2020\\\/02\\\/Formao_ContasGlobais.jpg\",\"contentUrl\":\"https:\\\/\\\/contasglobais.com\\\/wp-content\\\/uploads\\\/2020\\\/02\\\/Formao_ContasGlobais.jpg\",\"width\":1500,\"height\":1000},{\"@type\":\"BreadcrumbList\",\"@id\":\"https:\\\/\\\/contasglobais.com\\\/index.php\\\/formacao\\\/#breadcrumb\",\"itemListElement\":[{\"@type\":\"ListItem\",\"position\":1,\"name\":\"In\u00edcio\",\"item\":\"https:\\\/\\\/contasglobais.com\\\/\"},{\"@type\":\"ListItem\",\"position\":2,\"name\":\"FORMA\u00c7\u00c3O\"}]},{\"@type\":\"WebSite\",\"@id\":\"https:\\\/\\\/contasglobais.com\\\/#website\",\"url\":\"https:\\\/\\\/contasglobais.com\\\/\",\"name\":\"Contas Globais\",\"description\":\"\",\"potentialAction\":[{\"@type\":\"SearchAction\",\"target\":{\"@type\":\"EntryPoint\",\"urlTemplate\":\"https:\\\/\\\/contasglobais.com\\\/?s={search_term_string}\"},\"query-input\":{\"@type\":\"PropertyValueSpecification\",\"valueRequired\":true,\"valueName\":\"search_term_string\"}}],\"inLanguage\":\"pt-PT\"}]}<\/script>\n<!-- \/ Yoast SEO plugin. -->","yoast_head_json":{"title":"FORMA\u00c7\u00c3O - Contas Globais","robots":{"index":"index","follow":"follow","max-snippet":"max-snippet:-1","max-image-preview":"max-image-preview:large","max-video-preview":"max-video-preview:-1"},"canonical":"https:\/\/contasglobais.com\/index.php\/formacao\/","og_locale":"pt_PT","og_type":"article","og_title":"FORMA\u00c7\u00c3O - Contas Globais","og_description":"Sendo a forma\u00e7\u00e3o de recursos humanos um fator chave de sucesso, a Contas Globais Lda. dinamiza e promove cursos de forma\u00e7\u00e3o adaptados [&hellip;]","og_url":"https:\/\/contasglobais.com\/index.php\/formacao\/","og_site_name":"Contas Globais","article_modified_time":"2020-03-30T16:07:45+00:00","og_image":[{"url":"https:\/\/contasglobais.com\/wp-content\/uploads\/2020\/02\/Formao_ContasGlobais-1024x683.jpg","type":"","width":"","height":""}],"twitter_card":"summary_large_image","schema":{"@context":"https:\/\/schema.org","@graph":[{"@type":"WebPage","@id":"https:\/\/contasglobais.com\/index.php\/formacao\/","url":"https:\/\/contasglobais.com\/index.php\/formacao\/","name":"FORMA\u00c7\u00c3O - Contas Globais","isPartOf":{"@id":"https:\/\/contasglobais.com\/#website"},"primaryImageOfPage":{"@id":"https:\/\/contasglobais.com\/index.php\/formacao\/#primaryimage"},"image":{"@id":"https:\/\/contasglobais.com\/index.php\/formacao\/#primaryimage"},"thumbnailUrl":"https:\/\/contasglobais.com\/wp-content\/uploads\/2020\/02\/Formao_ContasGlobais-1024x683.jpg","datePublished":"2020-02-18T10:18:47+00:00","dateModified":"2020-03-30T16:07:45+00:00","breadcrumb":{"@id":"https:\/\/contasglobais.com\/index.php\/formacao\/#breadcrumb"},"inLanguage":"pt-PT","potentialAction":[{"@type":"ReadAction","target":["https:\/\/contasglobais.com\/index.php\/formacao\/"]}]},{"@type":"ImageObject","inLanguage":"pt-PT","@id":"https:\/\/contasglobais.com\/index.php\/formacao\/#primaryimage","url":"https:\/\/contasglobais.com\/wp-content\/uploads\/2020\/02\/Formao_ContasGlobais.jpg","contentUrl":"https:\/\/contasglobais.com\/wp-content\/uploads\/2020\/02\/Formao_ContasGlobais.jpg","width":1500,"height":1000},{"@type":"BreadcrumbList","@id":"https:\/\/contasglobais.com\/index.php\/formacao\/#breadcrumb","itemListElement":[{"@type":"ListItem","position":1,"name":"In\u00edcio","item":"https:\/\/contasglobais.com\/"},{"@type":"ListItem","position":2,"name":"FORMA\u00c7\u00c3O"}]},{"@type":"WebSite","@id":"https:\/\/contasglobais.com\/#website","url":"https:\/\/contasglobais.com\/","name":"Contas Globais","description":"","potentialAction":[{"@type":"SearchAction","target":{"@type":"EntryPoint","urlTemplate":"https:\/\/contasglobais.com\/?s={search_term_string}"},"query-input":{"@type":"PropertyValueSpecification","valueRequired":true,"valueName":"search_term_string"}}],"inLanguage":"pt-PT"}]}},"_links":{"self":[{"href":"https:\/\/contasglobais.com\/index.php\/wp-json\/wp\/v2\/pages\/657","targetHints":{"allow":["GET"]}}],"collection":[{"href":"https:\/\/contasglobais.com\/index.php\/wp-json\/wp\/v2\/pages"}],"about":[{"href":"https:\/\/contasglobais.com\/index.php\/wp-json\/wp\/v2\/types\/page"}],"author":[{"embeddable":true,"href":"https:\/\/contasglobais.com\/index.php\/wp-json\/wp\/v2\/users\/3"}],"replies":[{"embeddable":true,"href":"https:\/\/contasglobais.com\/index.php\/wp-json\/wp\/v2\/comments?post=657"}],"version-history":[{"count":0,"href":"https:\/\/contasglobais.com\/index.php\/wp-json\/wp\/v2\/pages\/657\/revisions"}],"wp:attachment":[{"href":"https:\/\/contasglobais.com\/index.php\/wp-json\/wp\/v2\/media?parent=657"}],"curies":[{"name":"wp","href":"https:\/\/api.w.org\/{rel}","templated":true}]}}