{"id":660,"date":"2020-02-18T10:20:09","date_gmt":"2020-02-18T10:20:09","guid":{"rendered":"https:\/\/contasglobais.com\/?page_id=660"},"modified":"2020-04-06T16:26:31","modified_gmt":"2020-04-06T16:26:31","slug":"recursos-humanos","status":"publish","type":"page","link":"https:\/\/contasglobais.com\/index.php\/recursos-humanos\/","title":{"rendered":"RECURSOS HUMANOS"},"content":{"rendered":"\t\t<div data-elementor-type=\"wp-page\" data-elementor-id=\"660\" class=\"elementor elementor-660\">\n\t\t\t\t\t\t<section class=\"elementor-section elementor-top-section elementor-element elementor-element-87f9869 elementor-section-boxed elementor-section-height-default elementor-section-height-default\" data-id=\"87f9869\" data-element_type=\"section\" data-e-type=\"section\">\n\t\t\t\t\t\t<div class=\"elementor-container elementor-column-gap-default\">\n\t\t\t\t\t<div class=\"elementor-column elementor-col-50 elementor-top-column elementor-element elementor-element-4fd1818\" data-id=\"4fd1818\" data-element_type=\"column\" data-e-type=\"column\">\n\t\t\t<div class=\"elementor-widget-wrap elementor-element-populated\">\n\t\t\t\t\t\t<div class=\"elementor-element elementor-element-8c4dc81 elementor-widget elementor-widget-heading\" data-id=\"8c4dc81\" data-element_type=\"widget\" data-e-type=\"widget\" data-widget_type=\"heading.default\">\n\t\t\t\t<div class=\"elementor-widget-container\">\n\t\t\t\t\t<span class=\"elementor-heading-title elementor-size-medium\">A Gest\u00e3o de Recursos Humanos \u00e9 uma \u00e1rea estrat\u00e9gica fundamental em qualquer empresa ou organiza\u00e7\u00e3o. Na sua ess\u00eancia vai fazer com que a organiza\u00e7\u00e3o e o colaborador desenvolvam uma rela\u00e7\u00e3o saud\u00e1vel, alcan\u00e7ando desta forma o melhor desempenho para a institui\u00e7\u00e3o.\nA Contas globais, Lda procura na \u00e1rea de gest\u00e3o de Recursos Humanos prestar os seguintes servi\u00e7os:<\/span>\t\t\t\t<\/div>\n\t\t\t\t<\/div>\n\t\t\t\t<div class=\"elementor-element elementor-element-d2189b8 elementor-widget elementor-widget-heading\" data-id=\"d2189b8\" data-element_type=\"widget\" data-e-type=\"widget\" data-widget_type=\"heading.default\">\n\t\t\t\t<div class=\"elementor-widget-container\">\n\t\t\t\t\t<span class=\"elementor-heading-title elementor-size-medium\">Gest\u00e3o Administrativa de recursos humanos, nomeadamente:<\/span>\t\t\t\t<\/div>\n\t\t\t\t<\/div>\n\t\t\t\t<div class=\"elementor-element elementor-element-384a848 elementor-align-start elementor-list-item-link-full_width elementor-widget elementor-widget-icon-list\" data-id=\"384a848\" data-element_type=\"widget\" data-e-type=\"widget\" data-widget_type=\"icon-list.default\">\n\t\t\t\t<div class=\"elementor-widget-container\">\n\t\t\t\t\t\t\t<ul class=\"elementor-icon-list-items\">\n\t\t\t\t\t\t\t<li class=\"elementor-icon-list-item\">\n\t\t\t\t\t\t\t\t\t\t\t<span class=\"elementor-icon-list-icon\">\n\t\t\t\t\t\t\t<i aria-hidden=\"true\" class=\"fas fa-circle\"><\/i>\t\t\t\t\t\t<\/span>\n\t\t\t\t\t\t\t\t\t\t<span class=\"elementor-icon-list-text\">Processamento de sal\u00e1rios.<\/span>\n\t\t\t\t\t\t\t\t\t<\/li>\n\t\t\t\t\t\t\t\t<li class=\"elementor-icon-list-item\">\n\t\t\t\t\t\t\t\t\t\t\t<span class=\"elementor-icon-list-icon\">\n\t\t\t\t\t\t\t<i aria-hidden=\"true\" class=\"fas fa-circle\"><\/i>\t\t\t\t\t\t<\/span>\n\t\t\t\t\t\t\t\t\t\t<span class=\"elementor-icon-list-text\">Elabora\u00e7\u00e3o de recibos de vencimento.<\/span>\n\t\t\t\t\t\t\t\t\t<\/li>\n\t\t\t\t\t\t\t\t<li class=\"elementor-icon-list-item\">\n\t\t\t\t\t\t\t\t\t\t\t<span class=\"elementor-icon-list-icon\">\n\t\t\t\t\t\t\t<i aria-hidden=\"true\" class=\"fas fa-circle\"><\/i>\t\t\t\t\t\t<\/span>\n\t\t\t\t\t\t\t\t\t\t<span class=\"elementor-icon-list-text\">Mapas de Pessoal Anuais.<\/span>\n\t\t\t\t\t\t\t\t\t<\/li>\n\t\t\t\t\t\t\t\t<li class=\"elementor-icon-list-item\">\n\t\t\t\t\t\t\t\t\t\t\t<span class=\"elementor-icon-list-icon\">\n\t\t\t\t\t\t\t<i aria-hidden=\"true\" class=\"fas fa-circle\"><\/i>\t\t\t\t\t\t<\/span>\n\t\t\t\t\t\t\t\t\t\t<span class=\"elementor-icon-list-text\">Inqu\u00e9ritos para o INE.<\/span>\n\t\t\t\t\t\t\t\t\t<\/li>\n\t\t\t\t\t\t\t\t<li class=\"elementor-icon-list-item\">\n\t\t\t\t\t\t\t\t\t\t\t<span class=\"elementor-icon-list-icon\">\n\t\t\t\t\t\t\t<i aria-hidden=\"true\" class=\"fas fa-circle\"><\/i>\t\t\t\t\t\t<\/span>\n\t\t\t\t\t\t\t\t\t\t<span class=\"elementor-icon-list-text\">Balan\u00e7o Social.<\/span>\n\t\t\t\t\t\t\t\t\t<\/li>\n\t\t\t\t\t\t\t\t<li class=\"elementor-icon-list-item\">\n\t\t\t\t\t\t\t\t\t\t\t<span class=\"elementor-icon-list-icon\">\n\t\t\t\t\t\t\t<i aria-hidden=\"true\" class=\"fas fa-circle\"><\/i>\t\t\t\t\t\t<\/span>\n\t\t\t\t\t\t\t\t\t\t<span class=\"elementor-icon-list-text\">Relat\u00f3rio \u00danico.<\/span>\n\t\t\t\t\t\t\t\t\t<\/li>\n\t\t\t\t\t\t<\/ul>\n\t\t\t\t\t\t<\/div>\n\t\t\t\t<\/div>\n\t\t\t\t\t<\/div>\n\t\t<\/div>\n\t\t\t\t<div class=\"elementor-column elementor-col-50 elementor-top-column elementor-element elementor-element-dcb8c62\" data-id=\"dcb8c62\" data-element_type=\"column\" data-e-type=\"column\">\n\t\t\t<div class=\"elementor-widget-wrap elementor-element-populated\">\n\t\t\t\t\t\t<div class=\"elementor-element elementor-element-64e9891 elementor-widget elementor-widget-image\" data-id=\"64e9891\" data-element_type=\"widget\" data-e-type=\"widget\" data-widget_type=\"image.default\">\n\t\t\t\t<div class=\"elementor-widget-container\">\n\t\t\t\t\t\t\t\t\t\t\t\t\t\t\t<img fetchpriority=\"high\" decoding=\"async\" width=\"1024\" height=\"485\" src=\"https:\/\/contasglobais.com\/wp-content\/uploads\/2020\/02\/RecursosHumanos_ContasGlobais.jpg\" class=\"attachment-large size-large wp-image-883\" alt=\"\" srcset=\"https:\/\/contasglobais.com\/wp-content\/uploads\/2020\/02\/RecursosHumanos_ContasGlobais.jpg 1024w, https:\/\/contasglobais.com\/wp-content\/uploads\/2020\/02\/RecursosHumanos_ContasGlobais-300x142.jpg 300w, https:\/\/contasglobais.com\/wp-content\/uploads\/2020\/02\/RecursosHumanos_ContasGlobais-768x364.jpg 768w, https:\/\/contasglobais.com\/wp-content\/uploads\/2020\/02\/RecursosHumanos_ContasGlobais-830x393.jpg 830w, https:\/\/contasglobais.com\/wp-content\/uploads\/2020\/02\/RecursosHumanos_ContasGlobais-230x109.jpg 230w, https:\/\/contasglobais.com\/wp-content\/uploads\/2020\/02\/RecursosHumanos_ContasGlobais-350x166.jpg 350w, https:\/\/contasglobais.com\/wp-content\/uploads\/2020\/02\/RecursosHumanos_ContasGlobais-480x227.jpg 480w\" sizes=\"(max-width: 1024px) 100vw, 1024px\" \/>\t\t\t\t\t\t\t\t\t\t\t\t\t\t\t<\/div>\n\t\t\t\t<\/div>\n\t\t\t\t<div class=\"elementor-element elementor-element-361bf99 elementor-align-start elementor-list-item-link-full_width elementor-widget elementor-widget-icon-list\" data-id=\"361bf99\" data-element_type=\"widget\" data-e-type=\"widget\" data-widget_type=\"icon-list.default\">\n\t\t\t\t<div class=\"elementor-widget-container\">\n\t\t\t\t\t\t\t<ul class=\"elementor-icon-list-items\">\n\t\t\t\t\t\t\t<li class=\"elementor-icon-list-item\">\n\t\t\t\t\t\t\t\t\t\t\t<span class=\"elementor-icon-list-icon\">\n\t\t\t\t\t\t\t<i aria-hidden=\"true\" class=\"fas fa-circle\"><\/i>\t\t\t\t\t\t<\/span>\n\t\t\t\t\t\t\t\t\t\t<span class=\"elementor-icon-list-text\">Mapas e guias de pagamento de IRS.<\/span>\n\t\t\t\t\t\t\t\t\t<\/li>\n\t\t\t\t\t\t\t\t<li class=\"elementor-icon-list-item\">\n\t\t\t\t\t\t\t\t\t\t\t<span class=\"elementor-icon-list-icon\">\n\t\t\t\t\t\t\t<i aria-hidden=\"true\" class=\"fas fa-circle\"><\/i>\t\t\t\t\t\t<\/span>\n\t\t\t\t\t\t\t\t\t\t<span class=\"elementor-icon-list-text\">Declara\u00e7\u00f5es de Rendimento.<\/span>\n\t\t\t\t\t\t\t\t\t<\/li>\n\t\t\t\t\t\t\t\t<li class=\"elementor-icon-list-item\">\n\t\t\t\t\t\t\t\t\t\t\t<span class=\"elementor-icon-list-icon\">\n\t\t\t\t\t\t\t<i aria-hidden=\"true\" class=\"fas fa-circle\"><\/i>\t\t\t\t\t\t<\/span>\n\t\t\t\t\t\t\t\t\t\t<span class=\"elementor-icon-list-text\">Inscri\u00e7\u00f5es obrigat\u00f3rias\/v\u00e1rios regimes.<\/span>\n\t\t\t\t\t\t\t\t\t<\/li>\n\t\t\t\t\t\t\t\t<li class=\"elementor-icon-list-item\">\n\t\t\t\t\t\t\t\t\t\t\t<span class=\"elementor-icon-list-icon\">\n\t\t\t\t\t\t\t<i aria-hidden=\"true\" class=\"fas fa-circle\"><\/i>\t\t\t\t\t\t<\/span>\n\t\t\t\t\t\t\t\t\t\t<span class=\"elementor-icon-list-text\">Mapas mensais.<\/span>\n\t\t\t\t\t\t\t\t\t<\/li>\n\t\t\t\t\t\t\t\t<li class=\"elementor-icon-list-item\">\n\t\t\t\t\t\t\t\t\t\t\t<span class=\"elementor-icon-list-icon\">\n\t\t\t\t\t\t\t<i aria-hidden=\"true\" class=\"fas fa-circle\"><\/i>\t\t\t\t\t\t<\/span>\n\t\t\t\t\t\t\t\t\t\t<span class=\"elementor-icon-list-text\">Informa\u00e7\u00f5es \/ esclarecimentos.<\/span>\n\t\t\t\t\t\t\t\t\t<\/li>\n\t\t\t\t\t\t\t\t<li class=\"elementor-icon-list-item\">\n\t\t\t\t\t\t\t\t\t\t\t<span class=\"elementor-icon-list-icon\">\n\t\t\t\t\t\t\t<i aria-hidden=\"true\" class=\"fas fa-circle\"><\/i>\t\t\t\t\t\t<\/span>\n\t\t\t\t\t\t\t\t\t\t<span class=\"elementor-icon-list-text\">Outros servi\u00e7os.<\/span>\n\t\t\t\t\t\t\t\t\t<\/li>\n\t\t\t\t\t\t<\/ul>\n\t\t\t\t\t\t<\/div>\n\t\t\t\t<\/div>\n\t\t\t\t\t<\/div>\n\t\t<\/div>\n\t\t\t\t\t<\/div>\n\t\t<\/section>\n\t\t\t\t<section class=\"elementor-section elementor-top-section elementor-element elementor-element-4dcc530 elementor-section-boxed elementor-section-height-default elementor-section-height-default\" data-id=\"4dcc530\" data-element_type=\"section\" data-e-type=\"section\">\n\t\t\t\t\t\t<div class=\"elementor-container elementor-column-gap-default\">\n\t\t\t\t\t<div class=\"elementor-column elementor-col-100 elementor-top-column elementor-element elementor-element-5c4ab61\" data-id=\"5c4ab61\" data-element_type=\"column\" data-e-type=\"column\">\n\t\t\t<div class=\"elementor-widget-wrap elementor-element-populated\">\n\t\t\t\t\t\t<div class=\"elementor-element elementor-element-d166356 elementor-align-start elementor-list-item-link-full_width elementor-widget elementor-widget-icon-list\" data-id=\"d166356\" data-element_type=\"widget\" data-e-type=\"widget\" data-widget_type=\"icon-list.default\">\n\t\t\t\t<div class=\"elementor-widget-container\">\n\t\t\t\t\t\t\t<ul class=\"elementor-icon-list-items\">\n\t\t\t\t\t\t\t<li class=\"elementor-icon-list-item\">\n\t\t\t\t\t\t\t\t\t\t<span class=\"elementor-icon-list-text\">Tamb\u00e9m disponibilizamos aos nossos clientes um servi\u00e7o de apoio na sele\u00e7\u00e3o e recrutamento de novos elementos.\u200b<\/span>\n\t\t\t\t\t\t\t\t\t<\/li>\n\t\t\t\t\t\t<\/ul>\n\t\t\t\t\t\t<\/div>\n\t\t\t\t<\/div>\n\t\t\t\t\t<\/div>\n\t\t<\/div>\n\t\t\t\t\t<\/div>\n\t\t<\/section>\n\t\t\t\t<\/div>\n\t\t","protected":false},"excerpt":{"rendered":"<p>A Gest\u00e3o de Recursos Humanos \u00e9 uma \u00e1rea estrat\u00e9gica fundamental em qualquer empresa ou organiza\u00e7\u00e3o. Na sua ess\u00eancia vai fazer com que [&hellip;]<\/p>\n","protected":false},"author":3,"featured_media":0,"parent":0,"menu_order":0,"comment_status":"closed","ping_status":"closed","template":"page-templates\/page_fullwidth.php","meta":{"footnotes":""},"class_list":["post-660","page","type-page","status-publish","hentry"],"yoast_head":"<!-- This site is optimized with the Yoast SEO plugin v27.5 - https:\/\/yoast.com\/product\/yoast-seo-wordpress\/ -->\n<title>RECURSOS HUMANOS - Contas Globais<\/title>\n<meta name=\"robots\" content=\"index, follow, max-snippet:-1, max-image-preview:large, max-video-preview:-1\" \/>\n<link rel=\"canonical\" href=\"https:\/\/contasglobais.com\/index.php\/recursos-humanos\/\" \/>\n<meta property=\"og:locale\" content=\"pt_PT\" \/>\n<meta property=\"og:type\" content=\"article\" \/>\n<meta property=\"og:title\" content=\"RECURSOS HUMANOS - Contas Globais\" \/>\n<meta property=\"og:description\" content=\"A Gest\u00e3o de Recursos Humanos \u00e9 uma \u00e1rea estrat\u00e9gica fundamental em qualquer empresa ou organiza\u00e7\u00e3o. Na sua ess\u00eancia vai fazer com que [&hellip;]\" \/>\n<meta property=\"og:url\" content=\"https:\/\/contasglobais.com\/index.php\/recursos-humanos\/\" \/>\n<meta property=\"og:site_name\" content=\"Contas Globais\" \/>\n<meta property=\"article:modified_time\" content=\"2020-04-06T16:26:31+00:00\" \/>\n<meta property=\"og:image\" content=\"https:\/\/contasglobais.com\/wp-content\/uploads\/2020\/02\/RecursosHumanos_ContasGlobais.jpg\" \/>\n<meta name=\"twitter:card\" content=\"summary_large_image\" \/>\n<meta name=\"twitter:label1\" content=\"Est. reading time\" \/>\n\t<meta name=\"twitter:data1\" content=\"1 minuto\" \/>\n<script type=\"application\/ld+json\" class=\"yoast-schema-graph\">{\"@context\":\"https:\\\/\\\/schema.org\",\"@graph\":[{\"@type\":\"WebPage\",\"@id\":\"https:\\\/\\\/contasglobais.com\\\/index.php\\\/recursos-humanos\\\/\",\"url\":\"https:\\\/\\\/contasglobais.com\\\/index.php\\\/recursos-humanos\\\/\",\"name\":\"RECURSOS HUMANOS - Contas Globais\",\"isPartOf\":{\"@id\":\"https:\\\/\\\/contasglobais.com\\\/#website\"},\"primaryImageOfPage\":{\"@id\":\"https:\\\/\\\/contasglobais.com\\\/index.php\\\/recursos-humanos\\\/#primaryimage\"},\"image\":{\"@id\":\"https:\\\/\\\/contasglobais.com\\\/index.php\\\/recursos-humanos\\\/#primaryimage\"},\"thumbnailUrl\":\"https:\\\/\\\/contasglobais.com\\\/wp-content\\\/uploads\\\/2020\\\/02\\\/RecursosHumanos_ContasGlobais.jpg\",\"datePublished\":\"2020-02-18T10:20:09+00:00\",\"dateModified\":\"2020-04-06T16:26:31+00:00\",\"breadcrumb\":{\"@id\":\"https:\\\/\\\/contasglobais.com\\\/index.php\\\/recursos-humanos\\\/#breadcrumb\"},\"inLanguage\":\"pt-PT\",\"potentialAction\":[{\"@type\":\"ReadAction\",\"target\":[\"https:\\\/\\\/contasglobais.com\\\/index.php\\\/recursos-humanos\\\/\"]}]},{\"@type\":\"ImageObject\",\"inLanguage\":\"pt-PT\",\"@id\":\"https:\\\/\\\/contasglobais.com\\\/index.php\\\/recursos-humanos\\\/#primaryimage\",\"url\":\"https:\\\/\\\/contasglobais.com\\\/wp-content\\\/uploads\\\/2020\\\/02\\\/RecursosHumanos_ContasGlobais.jpg\",\"contentUrl\":\"https:\\\/\\\/contasglobais.com\\\/wp-content\\\/uploads\\\/2020\\\/02\\\/RecursosHumanos_ContasGlobais.jpg\",\"width\":1024,\"height\":485},{\"@type\":\"BreadcrumbList\",\"@id\":\"https:\\\/\\\/contasglobais.com\\\/index.php\\\/recursos-humanos\\\/#breadcrumb\",\"itemListElement\":[{\"@type\":\"ListItem\",\"position\":1,\"name\":\"In\u00edcio\",\"item\":\"https:\\\/\\\/contasglobais.com\\\/\"},{\"@type\":\"ListItem\",\"position\":2,\"name\":\"RECURSOS HUMANOS\"}]},{\"@type\":\"WebSite\",\"@id\":\"https:\\\/\\\/contasglobais.com\\\/#website\",\"url\":\"https:\\\/\\\/contasglobais.com\\\/\",\"name\":\"Contas Globais\",\"description\":\"\",\"potentialAction\":[{\"@type\":\"SearchAction\",\"target\":{\"@type\":\"EntryPoint\",\"urlTemplate\":\"https:\\\/\\\/contasglobais.com\\\/?s={search_term_string}\"},\"query-input\":{\"@type\":\"PropertyValueSpecification\",\"valueRequired\":true,\"valueName\":\"search_term_string\"}}],\"inLanguage\":\"pt-PT\"}]}<\/script>\n<!-- \/ Yoast SEO plugin. -->","yoast_head_json":{"title":"RECURSOS HUMANOS - Contas Globais","robots":{"index":"index","follow":"follow","max-snippet":"max-snippet:-1","max-image-preview":"max-image-preview:large","max-video-preview":"max-video-preview:-1"},"canonical":"https:\/\/contasglobais.com\/index.php\/recursos-humanos\/","og_locale":"pt_PT","og_type":"article","og_title":"RECURSOS HUMANOS - Contas Globais","og_description":"A Gest\u00e3o de Recursos Humanos \u00e9 uma \u00e1rea estrat\u00e9gica fundamental em qualquer empresa ou organiza\u00e7\u00e3o. Na sua ess\u00eancia vai fazer com que [&hellip;]","og_url":"https:\/\/contasglobais.com\/index.php\/recursos-humanos\/","og_site_name":"Contas Globais","article_modified_time":"2020-04-06T16:26:31+00:00","og_image":[{"url":"https:\/\/contasglobais.com\/wp-content\/uploads\/2020\/02\/RecursosHumanos_ContasGlobais.jpg","type":"","width":"","height":""}],"twitter_card":"summary_large_image","twitter_misc":{"Est. reading time":"1 minuto"},"schema":{"@context":"https:\/\/schema.org","@graph":[{"@type":"WebPage","@id":"https:\/\/contasglobais.com\/index.php\/recursos-humanos\/","url":"https:\/\/contasglobais.com\/index.php\/recursos-humanos\/","name":"RECURSOS HUMANOS - Contas Globais","isPartOf":{"@id":"https:\/\/contasglobais.com\/#website"},"primaryImageOfPage":{"@id":"https:\/\/contasglobais.com\/index.php\/recursos-humanos\/#primaryimage"},"image":{"@id":"https:\/\/contasglobais.com\/index.php\/recursos-humanos\/#primaryimage"},"thumbnailUrl":"https:\/\/contasglobais.com\/wp-content\/uploads\/2020\/02\/RecursosHumanos_ContasGlobais.jpg","datePublished":"2020-02-18T10:20:09+00:00","dateModified":"2020-04-06T16:26:31+00:00","breadcrumb":{"@id":"https:\/\/contasglobais.com\/index.php\/recursos-humanos\/#breadcrumb"},"inLanguage":"pt-PT","potentialAction":[{"@type":"ReadAction","target":["https:\/\/contasglobais.com\/index.php\/recursos-humanos\/"]}]},{"@type":"ImageObject","inLanguage":"pt-PT","@id":"https:\/\/contasglobais.com\/index.php\/recursos-humanos\/#primaryimage","url":"https:\/\/contasglobais.com\/wp-content\/uploads\/2020\/02\/RecursosHumanos_ContasGlobais.jpg","contentUrl":"https:\/\/contasglobais.com\/wp-content\/uploads\/2020\/02\/RecursosHumanos_ContasGlobais.jpg","width":1024,"height":485},{"@type":"BreadcrumbList","@id":"https:\/\/contasglobais.com\/index.php\/recursos-humanos\/#breadcrumb","itemListElement":[{"@type":"ListItem","position":1,"name":"In\u00edcio","item":"https:\/\/contasglobais.com\/"},{"@type":"ListItem","position":2,"name":"RECURSOS HUMANOS"}]},{"@type":"WebSite","@id":"https:\/\/contasglobais.com\/#website","url":"https:\/\/contasglobais.com\/","name":"Contas Globais","description":"","potentialAction":[{"@type":"SearchAction","target":{"@type":"EntryPoint","urlTemplate":"https:\/\/contasglobais.com\/?s={search_term_string}"},"query-input":{"@type":"PropertyValueSpecification","valueRequired":true,"valueName":"search_term_string"}}],"inLanguage":"pt-PT"}]}},"_links":{"self":[{"href":"https:\/\/contasglobais.com\/index.php\/wp-json\/wp\/v2\/pages\/660","targetHints":{"allow":["GET"]}}],"collection":[{"href":"https:\/\/contasglobais.com\/index.php\/wp-json\/wp\/v2\/pages"}],"about":[{"href":"https:\/\/contasglobais.com\/index.php\/wp-json\/wp\/v2\/types\/page"}],"author":[{"embeddable":true,"href":"https:\/\/contasglobais.com\/index.php\/wp-json\/wp\/v2\/users\/3"}],"replies":[{"embeddable":true,"href":"https:\/\/contasglobais.com\/index.php\/wp-json\/wp\/v2\/comments?post=660"}],"version-history":[{"count":0,"href":"https:\/\/contasglobais.com\/index.php\/wp-json\/wp\/v2\/pages\/660\/revisions"}],"wp:attachment":[{"href":"https:\/\/contasglobais.com\/index.php\/wp-json\/wp\/v2\/media?parent=660"}],"curies":[{"name":"wp","href":"https:\/\/api.w.org\/{rel}","templated":true}]}}